{"id":2240,"date":"2025-05-28T14:35:52","date_gmt":"2025-05-28T14:35:52","guid":{"rendered":"https:\/\/oceansandmore.com\/?page_id=2240"},"modified":"2025-05-28T17:17:25","modified_gmt":"2025-05-28T17:17:25","slug":"informativa-fornitori","status":"publish","type":"page","link":"https:\/\/oceansandmore.com\/?page_id=2240","title":{"rendered":"Informativa fornitori"},"content":{"rendered":"\n<h2 class=\"wp-block-heading has-text-align-center\">INFORMATIVA SUL TRATTAMENTO DEI DATI PERSONALI \u2013 FORNITORI ai sensi dell&#8217;Art. 13 del Regolamento UE 2016\/679 (GDPR)<\/h2>\n\n\n\n<div style=\"height:15px\" aria-hidden=\"true\" class=\"wp-block-spacer\"><\/div>\n\n\n\n<p><strong>OCEANS &amp; MORE DI DELVECCHIO GIANNI &amp; C. S.N.C.<\/strong> con sede in Via Palazzone, 139\/2 \u2013 47042 CESENATICO (FC) in qualit\u00e0 di Titolare del trattamento dei dati personali ai sensi dell\u2019art. 4 del Regolamento UE 2016\/679 la informa, ai sensi dell\u2019art. 13 del Regolamento, che tratter\u00e0 i suoi dati personali liceit\u00e0, correttezza e trasparenza in via manuale e\/o con il supporto di mezzi informatici per le finalit\u00e0 di seguito indicate, nel rispetto delle regole di riservatezza e di sicurezza previste dalla legge, dai regolamenti conseguenti e da disposizioni interne.<\/p>\n\n\n\n<div style=\"height:15px\" aria-hidden=\"true\" class=\"wp-block-spacer\"><\/div>\n\n\n\n<h3 class=\"wp-block-heading\"><strong>Finalit\u00e0 del trattamento<\/strong><\/h3>\n\n\n\n<p>I dati personali da lei forniti saranno trattati per finalit\u00e0 connesse all\u2019esecuzione del contratto di fornitura, compresa l\u2019eventuale fase precontrattuale e, precisamente, inoltrare comunicazioni di vario genere e con diversi mezzi di comunicazione (telefono, telefono cellulare, sms, email, fax, posta cartacea); formulare richieste o evadere richieste pervenute; scambiare informazioni finalizzate all\u2019esecuzione del rapporto contrattuale, ivi comprese le attivit\u00e0 pre e post contrattuali.<\/p>\n\n\n\n<p>Il mancato conferimento dei dati personali comporter\u00e0 l&#8217;impossibilit\u00e0, da parte nostra, di dar corso a contratti ed altri adempimenti connessi, nonch\u00e9 di gestire correttamente le reciproche relazioni commerciali.<\/p>\n\n\n\n<div style=\"height:15px\" aria-hidden=\"true\" class=\"wp-block-spacer\"><\/div>\n\n\n\n<h3 class=\"wp-block-heading\"><strong>Categorie di dati personali trattati<\/strong><\/h3>\n\n\n\n<p>I dati personali sono tutte le informazioni che la riguardano, necessarie a perseguire le finalit\u00e0 indicate al precedente paragrafo. Saranno trattati a titolo di esempio i seguenti dati personali: dati di natura anagrafica, recapiti telefonici e posta elettronica.<\/p>\n\n\n\n<div style=\"height:15px\" aria-hidden=\"true\" class=\"wp-block-spacer\"><\/div>\n\n\n\n<h3 class=\"wp-block-heading\"><strong>Base giuridica<\/strong><\/h3>\n\n\n\n<p>I suoi dati personali saranno trattati per l&#8217;esecuzione di un contratto concluso con lei o per l&#8217;esecuzione di misure precontrattuali adottate su sua richiesta, e saranno oggetto di trattamento improntato ai principi di correttezza, liceit\u00e0, trasparenza e di tutela della Sua riservatezza e dei Suoi diritti.<\/p>\n\n\n\n<div style=\"height:15px\" aria-hidden=\"true\" class=\"wp-block-spacer\"><\/div>\n\n\n\n<h3 class=\"wp-block-heading\"><strong>Destinatari dei dati<\/strong><\/h3>\n\n\n\n<p>I Suoi dati, inoltre, potranno essere comunicati a soggetti terzi, per esigenze tecniche ed operative strettamente collegate alle finalit\u00e0 sopra enunciate ed in particolare alle seguenti categorie di soggetti:<\/p>\n\n\n\n<ol class=\"wp-block-list\">\n<li>enti, professionisti, societ\u00e0 od altre strutture da noi incaricate dei trattamenti connessi all&#8217;adempimento degli obblighi amministrativi, contabili e gestionali legati all&#8217;ordinario svolgimento della nostra attivit\u00e0 economica, anche per finalit\u00e0 di recupero credito;<\/li>\n\n\n\n<li>alle pubbliche autorit\u00e0 ed amministrazioni per le finalit\u00e0 connesse all&#8217;adempimento di obblighi legali o ai soggetti legittimati ad accedervi in forza di disposizioni di legge, regolamenti, normative comunitarie;<\/li>\n\n\n\n<li>banche, istituti finanziari o altri soggetti ai quali il trasferimento dei suddetti dati risulti necessario allo svolgimento dell&#8217;attivit\u00e0 della nostra azienda in relazione all&#8217;assolvimento, da parte nostra, delle obbligazioni contrattuali assunte nei Vs. confronti;<\/li>\n\n\n\n<li>fornitori di servizi di installazione, assistenza e manutenzione di impianti e sistemi informatici e telematici e di tutti i servizi funzionalmente connessi e necessari per l\u2019adempimento delle prestazioni oggetto del Contratto.<\/li>\n\n\n\n<li><\/li>\n<\/ol>\n\n\n\n<div style=\"height:15px\" aria-hidden=\"true\" class=\"wp-block-spacer\"><\/div>\n\n\n\n<h3 class=\"wp-block-heading\"><strong>Tempi di conservazione dei dati<\/strong><\/h3>\n\n\n\n<p>I suoi dati personali saranno conservati per i tempi strettamente necessari ad espletare le finalit\u00e0 sopra illustrate e per adempiere agli obblighi previsti dalla legge. Per le attivit\u00e0 di amministrazione, contabilit\u00e0, ordini, gestione della preventivazione e dell&#8217;intero flusso di produzione, assistenza e manutenzione, fatturazione, servizi, gestione dell&#8217;eventuale contenzioso, 10 anni come stabilito per legge, fatti salvi eventuali ritardati pagamenti dei corrispettivi che ne giustifichino il prolungamento.<\/p>\n\n\n\n<div style=\"height:15px\" aria-hidden=\"true\" class=\"wp-block-spacer\"><\/div>\n\n\n\n<h3 class=\"wp-block-heading\"><strong>Trasferimento dei dati<\/strong><\/h3>\n\n\n\n<p>Il Titolare del trattamento non trasferisce i dati personali in paesi terzi o a organizzazioni internazionali.<\/p>\n\n\n\n<p>Tuttavia, si riserva la possibilit\u00e0 di utilizzare servizi in cloud; nel qual caso, i fornitori dei servizi saranno selezionati tra coloro che forniscono garanzie adeguate, cos\u00ec come previsto dall\u2019art. 46 GDPR 679\/16.<\/p>\n\n\n\n<div style=\"height:15px\" aria-hidden=\"true\" class=\"wp-block-spacer\"><\/div>\n\n\n\n<h3 class=\"wp-block-heading\"><strong>Diritti dell\u2019interessato<\/strong><\/h3>\n\n\n\n<p>Ai sensi degli articoli 13, comma 2, e da 15 a 21 del Regolamento, La informiamo che in merito al trattamento dei Suoi dati personali Lei potr\u00e0 esercitare i seguenti diritti:<\/p>\n\n\n\n<ol class=\"wp-block-list\">\n<li><strong>Diritto di ottenere l\u2019accesso ai dati personali<\/strong> e alle seguenti informazioni: &#8211; la conferma che sia o meno in corso il trattamento di propri dati personali; le finalit\u00e0 del trattamento; le categorie di dati personali; i destinatari o le categorie di destinatari a cui i dati personali sono stati o saranno comunicati; qualora i dati non siano raccolti presso l&#8217;interessato, tutte le informazioni disponibili sulla loro origine; l&#8217;esistenza di un processo decisionale automatizzato, compresa la profilazione; una copia dei dati personali oggetto di trattamento.<\/li>\n\n\n\n<li><strong>Diritto di rettifica<\/strong> ed integrazione dei dati personali.<\/li>\n\n\n\n<li><strong>Diritto alla cancellazione<\/strong> dei dati (\u00abdiritto all&#8217;oblio\u00bb) se sussiste uno dei seguenti motivi:\n<ul class=\"wp-block-list\">\n<li>i dati personali non sono pi\u00f9 necessari rispetto alle finalit\u00e0 per le quali sono stati raccolti o altrimenti trattati;<\/li>\n\n\n\n<li>l\u2019interessato revoca il consenso al trattamento dei dati e non sussiste altro fondamento giuridico per il trattamento;<\/li>\n\n\n\n<li>l&#8217;interessato si oppone al trattamento e non sussiste alcun motivo legittimo prevalente per procedere al trattamento;<\/li>\n\n\n\n<li>i dati personali sono stati trattati illecitamente;<\/li>\n\n\n\n<li>i dati personali devono essere cancellati per adempiere un obbligo legale previsto dal diritto dell&#8217;Unione o dello Stato membro cui \u00e8 soggetto il titolare del trattamento.<\/li>\n<\/ul>\n<\/li>\n\n\n\n<li>Il titolare del trattamento, se ha reso pubblici dati personali ed \u00e8 obbligato a cancellarli, deve informare gli altri titolari che trattano i dati personali della richiesta di cancellare qualsiasi link, copia o riproduzione dei suoi dati.<\/li>\n\n\n\n<li><strong>Diritto alla limitazione del trattamento<\/strong> nel caso in cui:\n<ul class=\"wp-block-list\">\n<li>l\u2019interessato contesti l&#8217;esattezza dei dati personali, per il periodo necessario al titolare del trattamento per verificare l&#8217;esattezza di tali dati personali;<\/li>\n\n\n\n<li>il trattamento \u00e8 illecito e l&#8217;interessato si oppone alla cancellazione dei dati personali e chiede invece che ne sia limitato l&#8217;utilizzo;<\/li>\n\n\n\n<li>bench\u00e9 il titolare del trattamento non ne abbia pi\u00f9 bisogno ai fini del trattamento, i dati personali sono necessari all&#8217;interessato per l&#8217;accertamento, l&#8217;esercizio o la difesa di un diritto in sede giudiziaria;<\/li>\n\n\n\n<li>l\u2019interessato si \u00e8 opposto al trattamento, in attesa della verifica in merito all&#8217;eventuale prevalenza dei motivi legittimi del titolare del trattamento rispetto a quelli dell&#8217;interessato.<\/li>\n<\/ul>\n<\/li>\n\n\n\n<li><strong>Diritto di proporre un reclamo<\/strong> al Garante per la protezione dei dati personali, seguendo le procedure e le indicazioni pubblicate sul sito web ufficiale dell\u2019Autorit\u00e0 <a href=\"http:\/\/www.garanteprivacy.it\" data-type=\"link\" data-id=\"www.garanteprivacy.it\"><strong>www.garanteprivacy.it<\/strong><\/a>.<\/li>\n\n\n\n<li><strong>Diritto alla portabilit\u00e0<\/strong> del dato dell\u2019interessato ovvero il diritto di ricevere in un formato strutturato, di uso comune e leggibile da dispositivo automatico i dati personali che lo riguardano forniti a un titolare del trattamento ed eventualmente trasmetterli a un altro titolare del trattamento, qualora il trattamento si basi sul consenso o su un contratto e sia effettuato con mezzi automatizzati. Ove tecnicamente possibile, l\u2019interessato ha il diritto di ottenere la trasmissione diretta dei dati da un titolare del trattamento ad un altro.<\/li>\n\n\n\n<li><strong>Diritto di opporsi<\/strong> in qualsiasi momento al trattamento dei dati personali, compresa la profilazione, in particolare nel caso in cui:\n<ul class=\"wp-block-list\">\n<li>il trattamento avviene sulla base del legittimo interesse del titolare, previa esplicitazione dei motivi dell\u2019opposizione;<\/li>\n\n\n\n<li>i dati personali sono trattati per finalit\u00e0 di marketing diretto.<\/li>\n<\/ul>\n<\/li>\n\n\n\n<li>Diritto di non essere sottoposto a una decisione basata unicamente sul <strong>trattamento automatizzato<\/strong>, compresa la <strong>profilazione<\/strong>, salvo nei casi in cui la decisione: sia necessaria per la conclusione o l&#8217;esecuzione di un contratto tra l&#8217;interessato e un titolare del trattamento, sia autorizzata dal diritto dell&#8217;Unione o dello Stato membro cui \u00e8 soggetto il titolare del trattamento o si basi sul consenso esplicito dell\u2019interessato.<\/li>\n\n\n\n<li><strong>Diritto di revocare il consenso<\/strong> in qualsiasi momento; i dati, ove non poggino su altra base giuridica (tra cui, adempimento di un obbligo di legge o esecuzione di un contratto) devono essere cancellati dal titolare.<\/li>\n<\/ol>\n\n\n\n<p>L\u2019esercizio dei diritti non \u00e8 soggetto ad alcun vincolo di forma ed \u00e8 gratuito.<\/p>\n\n\n\n<div style=\"height:15px\" aria-hidden=\"true\" class=\"wp-block-spacer\"><\/div>\n\n\n\n<h3 class=\"wp-block-heading\"><strong>Modalit\u00e0 di esercizio dei diritti<\/strong><\/h3>\n\n\n\n<p>L\u2019interessato potr\u00e0 in qualsiasi momento esercitare i diritti inviando:<\/p>\n\n\n\n<ul class=\"wp-block-list\">\n<li>una raccomandata a\/r a <strong>OCEANS &amp; MORE DI DELVECCHIO GIANNI &amp; C. S.N.C. in Via Palazzone, 139\/2 \u2013 47042 CESENATICO (FC)<\/strong>;<\/li>\n\n\n\n<li>una e-mail all\u2019indirizzo <a href=\"mailto:info@oceansandmore.com\"><strong>info@oceansandmore.com<\/strong><\/a>.<\/li>\n<\/ul>\n\n\n\n<div style=\"height:15px\" aria-hidden=\"true\" class=\"wp-block-spacer\"><\/div>\n\n\n\n<h3 class=\"wp-block-heading\"><strong>Titolare del trattamento<\/strong><\/h3>\n\n\n\n<p>Il Titolare del trattamento \u00e8 OCEANS &amp; MORE DI DELVECCHIO GIANNI &amp; C. S.N.C. nella persona del Suo Legale Rappresentante DELVECCHIO GIANNI.<\/p>\n\n\n\n<p>Dati di contatto: 0547 75165.<\/p>\n\n\n\n<div style=\"height:15px\" aria-hidden=\"true\" class=\"wp-block-spacer\"><\/div>\n\n\n\n<details class=\"wp-block-details is-layout-flow wp-block-details-is-layout-flow\"><summary>Scarica l&#8217;informativa fornitori in formato PDF<\/summary>\n<div data-wp-interactive=\"core\/file\" class=\"wp-block-file\"><object data-wp-bind--hidden=\"!state.hasPdfPreview\" hidden class=\"wp-block-file__embed\" data=\"https:\/\/oceansandmore.com\/wp-content\/uploads\/2025\/05\/Informativa-ai-fornitori.pdf\" type=\"application\/pdf\" style=\"width:100%;height:600px\" aria-label=\"Incorporamento di Informativa ai fornitori.\"><\/object><a id=\"wp-block-file--media-42e387d6-7229-4ddb-838b-7aacaddb2af2\" href=\"https:\/\/oceansandmore.com\/wp-content\/uploads\/2025\/05\/Informativa-ai-fornitori.pdf\">Informativa ai fornitori<\/a><a href=\"https:\/\/oceansandmore.com\/wp-content\/uploads\/2025\/05\/Informativa-ai-fornitori.pdf\" class=\"wp-block-file__button wp-element-button\" download aria-describedby=\"wp-block-file--media-42e387d6-7229-4ddb-838b-7aacaddb2af2\">Download<\/a><\/div>\n<\/details>\n","protected":false},"excerpt":{"rendered":"<p>INFORMATIVA SUL TRATTAMENTO DEI DATI PERSONALI \u2013 FORNITORI ai sensi dell&#8217;Art. 13 del Regolamento UE 2016\/679 (GDPR) OCEANS &amp; MORE DI DELVECCHIO GIANNI &amp; C. S.N.C. con sede in Via Palazzone, 139\/2 \u2013 47042 CESENATICO (FC) in qualit\u00e0 di Titolare del trattamento dei dati personali ai sensi dell\u2019art. 4 del Regolamento UE 2016\/679 la informa, [&hellip;]<\/p>\n","protected":false},"author":1,"featured_media":0,"parent":0,"menu_order":0,"comment_status":"closed","ping_status":"closed","template":"","meta":{"footnotes":""},"class_list":["post-2240","page","type-page","status-publish","hentry"],"_links":{"self":[{"href":"https:\/\/oceansandmore.com\/index.php?rest_route=\/wp\/v2\/pages\/2240","targetHints":{"allow":["GET"]}}],"collection":[{"href":"https:\/\/oceansandmore.com\/index.php?rest_route=\/wp\/v2\/pages"}],"about":[{"href":"https:\/\/oceansandmore.com\/index.php?rest_route=\/wp\/v2\/types\/page"}],"author":[{"embeddable":true,"href":"https:\/\/oceansandmore.com\/index.php?rest_route=\/wp\/v2\/users\/1"}],"replies":[{"embeddable":true,"href":"https:\/\/oceansandmore.com\/index.php?rest_route=%2Fwp%2Fv2%2Fcomments&post=2240"}],"version-history":[{"count":16,"href":"https:\/\/oceansandmore.com\/index.php?rest_route=\/wp\/v2\/pages\/2240\/revisions"}],"predecessor-version":[{"id":2301,"href":"https:\/\/oceansandmore.com\/index.php?rest_route=\/wp\/v2\/pages\/2240\/revisions\/2301"}],"wp:attachment":[{"href":"https:\/\/oceansandmore.com\/index.php?rest_route=%2Fwp%2Fv2%2Fmedia&parent=2240"}],"curies":[{"name":"wp","href":"https:\/\/api.w.org\/{rel}","templated":true}]}}